{"id":1446,"date":"2018-03-01T09:12:23","date_gmt":"2018-03-01T09:12:23","guid":{"rendered":"http:\/\/7uptheme.com\/wordpress\/iustore\/?page_id=7"},"modified":"2024-11-03T20:27:23","modified_gmt":"2024-11-03T19:27:23","slug":"home","status":"publish","type":"page","link":"https:\/\/www.arte-vivendi.com\/","title":{"rendered":"Home side 1"},"content":{"rendered":"<div class=\"wpb-content-wrapper\"><p>[vc_row el_class=&#8221;list-adv&#8221;][vc_column width=&#8221;1\/6&#8243;][vc_cta h2=&#8221;L&#8217;ATELIER&#8221; h2_font_container=&#8221;font_size:12|color:%238e8777&#8243; h2_css_animation=&#8221;fadeIn&#8221; h4=&#8221;D\u00c9CORATION&#8221; h4_font_container=&#8221;font_size:16|color:%23000000&#8243; h4_css_animation=&#8221;fadeInDownBig&#8221; txt_align=&#8221;center&#8221; shape=&#8221;square&#8221; color=&#8221;grey&#8221; css_animation=&#8221;fadeIn&#8221; use_custom_fonts_h2=&#8221;true&#8221; use_custom_fonts_h4=&#8221;true&#8221; css=&#8221;.vc_custom_1551183082370{padding-top: 6px !important;padding-right: 6px !important;padding-bottom: 6px !important;padding-left: 6px !important;}&#8221;]<\/p>\n<p style=\"text-align: center;\"><span style=\"color: #8e8777;\"><strong>__________<\/strong><\/span><\/p>\n<p><a href=\"\/index.php\/latelier\/tapissier-en-meuble\/\"><img loading=\"lazy\" decoding=\"async\" class=\"size-full wp-image-4263\" src=\"\/wp-content\/uploads\/FRONTPAGE\/Eams-Lounge-Chair-Ottoman.jpg\" alt=\"Eames lounge chair &amp; ottoman By Charles and Ray Eams 1956. Refait complet avec cuir noir\" width=\"1200\" height=\"800\" srcset=\"https:\/\/www.arte-vivendi.com\/wp-content\/uploads\/FRONTPAGE\/Eams-Lounge-Chair-Ottoman.jpg 1200w, https:\/\/www.arte-vivendi.com\/wp-content\/uploads\/FRONTPAGE\/Eams-Lounge-Chair-Ottoman-300x200.jpg 300w, https:\/\/www.arte-vivendi.com\/wp-content\/uploads\/FRONTPAGE\/Eams-Lounge-Chair-Ottoman-768x512.jpg 768w, https:\/\/www.arte-vivendi.com\/wp-content\/uploads\/FRONTPAGE\/Eams-Lounge-Chair-Ottoman-600x400.jpg 600w\" sizes=\"auto, (max-width: 1200px) 100vw, 1200px\" \/><\/a><\/p>\n<p style=\"text-align: left;\"><span style=\"font-size: 16px;\">Restauration compl\u00e8te des meubles anciens &amp; contemporains.<\/span><\/p>\n<p style=\"text-align: left;\">Confection Rideaux: Double\/Simple -Molletonn\u00e9 &#8211; Voilage et sous rideaux. Stores.<\/p>\n<p style=\"text-align: left;\">Les accessoires Passementerie, embrases. Tringle \u00e9lectrique ou manuelle.<\/p>\n<p>[\/vc_cta][\/vc_column][vc_column width=&#8221;2\/3&#8243;][vc_cta h2=&#8221;Nos derni\u00e8res r\u00e9alisations&#8221; h2_font_container=&#8221;tag:h2|font_size:40|text_align:left|color:%238e8777&#8243; h2_css_animation=&#8221;fadeInDownBig&#8221; h4=&#8221;From Instagram&#8221; h4_font_container=&#8221;tag:h2|font_size:20|text_align:left|color:rgba(0%2C0%2C0%2C0.78)&#8221; txt_align=&#8221;center&#8221; shape=&#8221;square&#8221; style=&#8221;3d&#8221; color=&#8221;white&#8221; use_custom_fonts_h2=&#8221;true&#8221; use_custom_fonts_h4=&#8221;true&#8221;]\n<div id=\"sb_instagram\"  class=\"sbi sbi_mob_col_1 sbi_tab_col_3 sbi_col_3 sbi_width_resp sbi_palette_dark\" style=\"padding-bottom: 10px;\"\t data-feedid=\"*1\"  data-res=\"auto\" data-cols=\"3\" data-colsmobile=\"1\" data-colstablet=\"3\" data-num=\"9\" data-nummobile=\"3\" data-item-padding=\"5\"\t data-shortcode-atts=\"{&quot;feed&quot;:&quot;1&quot;}\"  data-postid=\"1446\" data-locatornonce=\"ef54ebe722\" data-imageaspectratio=\"1:1\" data-sbi-flags=\"favorLocal\">\n\t\n\t<div id=\"sbi_images\"  style=\"gap: 10px;\">\n\t\t\t<\/div>\n\n\t<div id=\"sbi_load\" >\n\n\t\n\t\t\t<span class=\"sbi_follow_btn sbi_custom\" >\n\t\t\t<a target=\"_blank\"\n\t\t\t\trel=\"nofollow noopener\"  href=\"https:\/\/www.instagram.com\/artevivendidesign\/\" style=\"background: rgb(255,140,62);\">\n\t\t\t\t<svg class=\"svg-inline--fa fa-instagram fa-w-14\" aria-hidden=\"true\" data-fa-processed=\"\" aria-label=\"Instagram\" data-prefix=\"fab\" data-icon=\"instagram\" role=\"img\" viewBox=\"0 0 448 512\">\n                    <path fill=\"currentColor\" d=\"M224.1 141c-63.6 0-114.9 51.3-114.9 114.9s51.3 114.9 114.9 114.9S339 319.5 339 255.9 287.7 141 224.1 141zm0 189.6c-41.1 0-74.7-33.5-74.7-74.7s33.5-74.7 74.7-74.7 74.7 33.5 74.7 74.7-33.6 74.7-74.7 74.7zm146.4-194.3c0 14.9-12 26.8-26.8 26.8-14.9 0-26.8-12-26.8-26.8s12-26.8 26.8-26.8 26.8 12 26.8 26.8zm76.1 27.2c-1.7-35.9-9.9-67.7-36.2-93.9-26.2-26.2-58-34.4-93.9-36.2-37-2.1-147.9-2.1-184.9 0-35.8 1.7-67.6 9.9-93.9 36.1s-34.4 58-36.2 93.9c-2.1 37-2.1 147.9 0 184.9 1.7 35.9 9.9 67.7 36.2 93.9s58 34.4 93.9 36.2c37 2.1 147.9 2.1 184.9 0 35.9-1.7 67.7-9.9 93.9-36.2 26.2-26.2 34.4-58 36.2-93.9 2.1-37 2.1-147.8 0-184.8zM398.8 388c-7.8 19.6-22.9 34.7-42.6 42.6-29.5 11.7-99.5 9-132.1 9s-102.7 2.6-132.1-9c-19.6-7.8-34.7-22.9-42.6-42.6-11.7-29.5-9-99.5-9-132.1s-2.6-102.7 9-132.1c7.8-19.6 22.9-34.7 42.6-42.6 29.5-11.7 99.5-9 132.1-9s102.7-2.6 132.1 9c19.6 7.8 34.7 22.9 42.6 42.6 11.7 29.5 9 99.5 9 132.1s2.7 102.7-9 132.1z\"><\/path>\n                <\/svg>\t\t\t\t<span>Follow on Instagram<\/span>\n\t\t\t<\/a>\n\t\t<\/span>\n\t\n<\/div>\n\t\t<span class=\"sbi_resized_image_data\" data-feed-id=\"*1\"\n\t\t  data-resized=\"[]\">\n\t<\/span>\n\t<\/div>\n\n\t<style type=\"text\/css\">\n\t\t\t\t#sb_instagram #sbi_load .sbi_load_btn:focus,\n\t\t#sb_instagram #sbi_load .sbi_load_btn:hover {\n\t\t\toutline: none;\n\t\t\tbox-shadow: inset 0 0 20px 20px#FA8907;\n\t\t}\n\n\t\t\t\t\t\t#sb_instagram .sbi_follow_btn a:hover,\n\t\t#sb_instagram .sbi_follow_btn a:focus {\n\t\t\toutline: none;\n\t\t\tbox-shadow: inset 0 0 10px 20px#FDA367;\n\t\t}\n\n\t\t\t<\/style>\n\t[\/vc_cta][\/vc_column][vc_column width=&#8221;1\/6&#8243;][vc_cta h2=&#8221;DESIGN&#8221; h2_font_container=&#8221;font_size:12|color:%238e8777&#8243; h2_css_animation=&#8221;fadeIn&#8221; h4=&#8221;ARTE VIVENDI&#8221; h4_font_container=&#8221;font_size:16|color:%23000000&#8243; h4_css_animation=&#8221;fadeInDownBig&#8221; txt_align=&#8221;center&#8221; shape=&#8221;square&#8221; color=&#8221;white&#8221; css_animation=&#8221;fadeIn&#8221; use_custom_fonts_h2=&#8221;true&#8221; use_custom_fonts_h4=&#8221;true&#8221; css=&#8221;.vc_custom_1551183375392{padding-top: 6px !important;padding-right: 6px !important;padding-bottom: 6px !important;padding-left: 6px !important;}&#8221;]<\/p>\n<p style=\"text-align: center;\"><strong><span style=\"color: #8e8777;\">___________________<\/span><\/strong><\/p>\n<p><a href=\"\/index.php\/design\/\"><img loading=\"lazy\" decoding=\"async\" class=\"size-full wp-image-4262 aligncenter\" src=\"\/wp-content\/uploads\/FRONTPAGE\/Daybed-Cuir.jpg\" alt=\"Meridienne cuir noir pliss\u00e9 avec pied dore Design du sur mesure By Arte Vivendi\" width=\"1200\" height=\"800\" srcset=\"https:\/\/www.arte-vivendi.com\/wp-content\/uploads\/FRONTPAGE\/Daybed-Cuir.jpg 1200w, https:\/\/www.arte-vivendi.com\/wp-content\/uploads\/FRONTPAGE\/Daybed-Cuir-300x200.jpg 300w, https:\/\/www.arte-vivendi.com\/wp-content\/uploads\/FRONTPAGE\/Daybed-Cuir-768x512.jpg 768w, https:\/\/www.arte-vivendi.com\/wp-content\/uploads\/FRONTPAGE\/Daybed-Cuir-600x400.jpg 600w\" sizes=\"auto, (max-width: 1200px) 100vw, 1200px\" \/><\/a><\/p>\n<p style=\"text-align: left;\">Design de meubles personnalis\u00e9s, du sur mesure, par Arte Vivendi<\/p>\n<p style=\"text-align: left;\">Apr\u00e9s des ann\u00e9es de recherche, une collection unique de meubles et objets au Design atypique.<\/p>\n<p>[\/vc_cta][\/vc_column][\/vc_row][vc_row full_width=&#8221;stretch_row_content_no_spaces&#8221; el_class=&#8221;wrap-banner1&#8243;][vc_column width=&#8221;1\/6&#8243;]<div class=\"block-element instagram-slider follow-instagram  slider\">\r\n    <div class=\"wrap-item smart-slider group-navi\" \r\n        data-item=\"\" data-speed=\"\" \r\n        data-itemres=\"0:1,480:3,768:4,990:5\" \r\n        data-prev=\"\" data-next=\"\" \r\n        data-pagination=\"\" data-navigation=\"true\">\r\n    <a href=\"\">\r\n                        <img decoding=\"async\" src=\"\" alt=\"image\">\r\n                    <\/a>    <\/div>\r\n<\/div>[\/vc_column][vc_column width=&#8221;2\/3&#8243;][vc_column_text css_animation=&#8221;none&#8221;]<div style=\"width: 640px;\" class=\"wp-video\"><video class=\"wp-video-shortcode\" id=\"video-1446-1\" width=\"640\" height=\"480\" preload=\"metadata\" controls=\"controls\"><source type=\"video\/mp4\" src=\"https:\/\/www.arte-vivendi.com\/wp-content\/uploads\/2024\/11\/ARTE-VIVENDI-DESIGN-25-Ans.mp4?_=1\" \/><a href=\"https:\/\/www.arte-vivendi.com\/wp-content\/uploads\/2024\/11\/ARTE-VIVENDI-DESIGN-25-Ans.mp4\">https:\/\/www.arte-vivendi.com\/wp-content\/uploads\/2024\/11\/ARTE-VIVENDI-DESIGN-25-Ans.mp4<\/a><\/video><\/div>[\/vc_column_text][\/vc_column][vc_column width=&#8221;1\/6&#8243;][\/vc_column][\/vc_row][vc_row full_width=&#8221;stretch_row&#8221; el_class=&#8221;list-service1&#8243;][vc_column width=&#8221;1\/3&#8243; offset=&#8221;vc_col-xs-4&#8243;]<div class=\"item-service table  \">\n\t\t\t\t\t\t\t\t<div class=\"service-icon\">\n\t\t\t\t\t\t\t\t\t<a href=\"\/index.php\/arte-vivendi\/\"><i class=\"fa fa-heart\"><\/i><\/a>\n\t\t\t\t\t\t\t\t<\/div>\n\t\t\t\t\t\t\t\t<div class=\"service-text\">\n\t\t\t\t\t\t\t\t\t<h2 class=\"title14 font-bold text-uppercase poppins-font\"><a href=\"\/index.php\/arte-vivendi\/\">About us<\/a><\/h2>\n\t\t\t\t\t\t\t\t\t<p class=\"desc\">L&#039;amour pour la qualite et le design<\/p>\n\t\t\t\t\t\t\t\t<\/div>\n\t\t\t\t\t\t\t<\/div>[\/vc_column][vc_column width=&#8221;1\/3&#8243; offset=&#8221;vc_col-xs-4&#8243;]<div class=\"item-service table  \">\n\t\t\t\t\t\t\t\t<div class=\"service-icon\">\n\t\t\t\t\t\t\t\t\t<a href=\"\/index.php\/latelier\/\"><i class=\"fa fa-scissors\"><\/i><\/a>\n\t\t\t\t\t\t\t\t<\/div>\n\t\t\t\t\t\t\t\t<div class=\"service-text\">\n\t\t\t\t\t\t\t\t\t<h2 class=\"title14 font-bold text-uppercase poppins-font\"><a href=\"\/index.php\/latelier\/\">L&#039;Atelier de D\u00e9coration<\/a><\/h2>\n\t\t\t\t\t\t\t\t\t<p class=\"desc\">D\u00e9coration \u00e1 vos mesures<\/p>\n\t\t\t\t\t\t\t\t<\/div>\n\t\t\t\t\t\t\t<\/div>[\/vc_column][vc_column width=&#8221;1\/3&#8243; offset=&#8221;vc_col-xs-4&#8243;]<div class=\"item-service table  \">\n\t\t\t\t\t\t\t\t<div class=\"service-icon\">\n\t\t\t\t\t\t\t\t\t<a href=\"\/index.php\/design\/\"><i class=\"fa fa-modx\"><\/i><\/a>\n\t\t\t\t\t\t\t\t<\/div>\n\t\t\t\t\t\t\t\t<div class=\"service-text\">\n\t\t\t\t\t\t\t\t\t<h2 class=\"title14 font-bold text-uppercase poppins-font\"><a href=\"\/index.php\/design\/\">Design &amp; D\u00e9coration<\/a><\/h2>\n\t\t\t\t\t\t\t\t\t<p class=\"desc\">Des pi\u00e8ces concues avec originalit\u00e8<\/p>\n\t\t\t\t\t\t\t\t<\/div>\n\t\t\t\t\t\t\t<\/div>[\/vc_column][\/vc_row][vc_row full_width=&#8221;stretch_row&#8221; parallax=&#8221;content-moving-fade&#8221; el_class=&#8221;product-box1&#8243;][vc_column][vc_column_text css_animation=&#8221;none&#8221;]<\/p>\n<h2 style=\"text-align: center;\"><strong>LA SENSIBILITET DE NE PAS VIVRE UN QUOTIDIEN ORDINAIRE<\/strong><\/h2>\n<p>[\/vc_column_text][\/vc_column][\/vc_row][vc_row el_class=&#8221;list-service4&#8243;][vc_column offset=&#8221;vc_col-xs-4&#8243;]<div class=\"s7upf-slider about-client-slider \">\r\n\t    <div class=\"wrap-item sv-slider  \" \r\n        data-item=\"3\" data-speed=\"5000\" \r\n        data-itemres=\"0:1,560:2,990:3\" data-animation=\"\" \r\n        data-navigation=\"\" data-pagination=\"\" \r\n        data-prev=\"\" data-next=\"\">\r\n\r\n\t\t<div class=\"item-about-client  \">\n                               <div class=\"client-thumb\">\n\t\t\t\t\t\t\t\t   <a href=\"\/index.php\/clients\/\">\n\t\t\t\t\t\t\t\t\t\t<img loading=\"lazy\" decoding=\"async\" width=\"220\" height=\"159\" src=\"https:\/\/www.arte-vivendi.com\/wp-content\/uploads\/FRONTPAGE\/JCharbogne.jpg\" class=\"attachment-full size-full\" alt=\"\" \/>\n\t\t\t\t\t\t\t\t\t<\/a>\n\t\t\t\t\t\t\t\t<\/div>\t\n                                <div class=\"client-info\">\n\t\t\t\t\t\t\t\t\t<p class=\"desc\">J\u2019ai contact\u00e9 \u00e0 plusieurs reprises Winnie d\u2019Arte Vivendi pour des confections de banquettes de bateau int\u00e9rieur et ext\u00e9rieur, de matelas de terrasse et \u00e9galement pour l\u2019achat d\u2019un canap\u00e9 de design danois. J\u2019ai appr\u00e9ci\u00e9 ses bons conseils et ses talents de d\u00e9coratrice... Vous pouvez l\u2019appeler !<\/p>\n                                    <h3 class=\"title14\"><a href=\"\/index.php\/clients\/\" class=\"color\">J. CHARBOGNE<\/a><\/h3>\n                                    <span class=\"silver\">Dr.<\/span>\n                                <\/div>\n                            <\/div><div class=\"item-about-client  \">\n                               <div class=\"client-thumb\">\n\t\t\t\t\t\t\t\t   <a href=\"\/index.php\/clients\/\">\n\t\t\t\t\t\t\t\t\t\t<img loading=\"lazy\" decoding=\"async\" width=\"295\" height=\"280\" src=\"https:\/\/www.arte-vivendi.com\/wp-content\/uploads\/FRONTPAGE\/Marcel-Desailly.jpg\" class=\"attachment-full size-full\" alt=\"Marcel Desailly\" \/>\n\t\t\t\t\t\t\t\t\t<\/a>\n\t\t\t\t\t\t\t\t<\/div>\t\n                                <div class=\"client-info\">\n\t\t\t\t\t\t\t\t\t<p class=\"desc\">Winnie d&#039;Arte Vivendi est intervenu \u00e0 plusieurs reprises dans nos maisons. Pour conseils d\u00e9coration et r\u00e9fection des rideaux et meubles, j&#039;ai beaucoup appr\u00e9ci\u00e9 son travail...Confiance assur\u00e9e<\/p>\n                                    <h3 class=\"title14\"><a href=\"\/index.php\/clients\/\" class=\"color\">Marcel DESAILLY<\/a><\/h3>\n                                    <span class=\"silver\"><\/span>\n                                <\/div>\n                            <\/div><div class=\"item-about-client  \">\n                               <div class=\"client-thumb\">\n\t\t\t\t\t\t\t\t   <a href=\"\/index.php\/clients\/\">\n\t\t\t\t\t\t\t\t\t\t<img loading=\"lazy\" decoding=\"async\" width=\"190\" height=\"143\" src=\"https:\/\/www.arte-vivendi.com\/wp-content\/uploads\/FRONTPAGE\/Mme-Bernier.jpg\" class=\"attachment-full size-full\" alt=\"\" \/>\n\t\t\t\t\t\t\t\t\t<\/a>\n\t\t\t\t\t\t\t\t<\/div>\t\n                                <div class=\"client-info\">\n\t\t\t\t\t\t\t\t\t<p class=\"desc\">La magicienne de la remise en `` bonne forme`` de nos si\u00e8ges, canap\u00e9s, parasols, fauteuils en tous genres et styles et bien d&#039;autres attributs flageolants dans nos maisons.&lt;br \/&gt;\nWinnie tapissi\u00e8re\/d\u00e9coratrice a d&#039;infinies cordes \u00e0 son arc de ce m\u00e9tier qu&#039;elle pratique avec passion, patience, munie de son oeil aiguis\u00e9, de son exp\u00e9rience de nombreuses ann\u00e9es de pratique, comme de ses grandes......<\/p>\n                                    <h3 class=\"title14\"><a href=\"\/index.php\/clients\/\" class=\"color\">Mme. BERNIER<\/a><\/h3>\n                                    <span class=\"silver\">loyal customer<\/span>\n                                <\/div>\n                            <\/div><div class=\"item-about-client  \">\n                               <div class=\"client-thumb\">\n\t\t\t\t\t\t\t\t   <a href=\"\/index.php\/clients\/\">\n\t\t\t\t\t\t\t\t\t\t<img loading=\"lazy\" decoding=\"async\" width=\"150\" height=\"187\" src=\"https:\/\/www.arte-vivendi.com\/wp-content\/uploads\/FRONTPAGE\/ValerieB.jpg\" class=\"attachment-full size-full\" alt=\"\" \/>\n\t\t\t\t\t\t\t\t\t<\/a>\n\t\t\t\t\t\t\t\t<\/div>\t\n                                <div class=\"client-info\">\n\t\t\t\t\t\t\t\t\t<p class=\"desc\">``Le savoir-faire pour l&#039;ameublement est remarquable: elle a transform\u00e9 plusieurs de mes meubles, dont trois anciens fauteuils et un tabouret. Les fauteuils sont faites de fa\u00e7on traditionnelle et moderne, et le tabouret avec un cuir travaill\u00e9, complexe \u00e0 manier. Des ann\u00e9es apr\u00e8s leur transformation, les fauteuils sont encore comme neufs. Elle ne travaille qu&#039;avec des produits de haute qualit\u00e9, ce qui garantie.....<\/p>\n                                    <h3 class=\"title14\"><a href=\"\/index.php\/clients\/\" class=\"color\">Valerie B<\/a><\/h3>\n                                    <span class=\"silver\">Photographe<\/span>\n                                <\/div>\n                            <\/div><div class=\"item-about-client  \">\n                               <div class=\"client-thumb\">\n\t\t\t\t\t\t\t\t   <a href=\"\/index.php\/clients\/\">\n\t\t\t\t\t\t\t\t\t\t<img loading=\"lazy\" decoding=\"async\" width=\"200\" height=\"169\" src=\"https:\/\/www.arte-vivendi.com\/wp-content\/uploads\/FRONTPAGE\/ZOZOR.jpg\" class=\"attachment-400x400 size-400x400\" alt=\"\" \/>\n\t\t\t\t\t\t\t\t\t<\/a>\n\t\t\t\t\t\t\t\t<\/div>\t\n                                <div class=\"client-info\">\n\t\t\t\t\t\t\t\t\t<p class=\"desc\">Par deux fois avons eu recours aux services de Winnie d&#039;Arte Vivendi. Une grande Pro pour Modifications architecturales, Choix du mobilier, La lustrerie, Choix et confection des rideaux, Peintures int\u00e9rieures. Nous ne pouvons louer ses Qualit\u00e9s.<\/p>\n                                    <h3 class=\"title14\"><a href=\"\/index.php\/clients\/\" class=\"color\">J.G. ZOZOR<\/a><\/h3>\n                                    <span class=\"silver\"><\/span>\n                                <\/div>\n                            <\/div><div class=\"item-about-client  \">\n                               <div class=\"client-thumb\">\n\t\t\t\t\t\t\t\t   <a href=\"\/index.php\/clients\/\">\n\t\t\t\t\t\t\t\t\t\t<img loading=\"lazy\" decoding=\"async\" width=\"400\" height=\"400\" src=\"https:\/\/www.arte-vivendi.com\/wp-content\/uploads\/FRONTPAGE\/\/CrisM-400x400.jpg\" class=\"attachment-400x400 size-400x400\" alt=\"\" \/>\n\t\t\t\t\t\t\t\t\t<\/a>\n\t\t\t\t\t\t\t\t<\/div>\t\n                                <div class=\"client-info\">\n\t\t\t\t\t\t\t\t\t<p class=\"desc\">``We feel very fortunate to have discovered L\u2019atelier Arte Vivendi. We worked with Winnie on several upholstery projects over the years and we highly recommend her craftsmanship &amp; attention to detail. Lately, she has transformed and gave a new life to our 18th Century Armchairs and Dinning chairs for our wine country house. We love them!! She offered us a....<\/p>\n                                    <h3 class=\"title14\"><a href=\"\/index.php\/clients\/\" class=\"color\">Cris M.<\/a><\/h3>\n                                    <span class=\"silver\">Antiques Courtier<\/span>\n                                <\/div>\n                            <\/div>\t\t\r\n    <\/div>\r\n<\/div>[\/vc_column][\/vc_row][vc_row][vc_column][\/vc_column][\/vc_row]<\/p>\n<\/div>","protected":false},"excerpt":{"rendered":"<p>[vc_row el_class=&#8221;list-adv&#8221;][vc_column width=&#8221;1\/6&#8243;][vc_cta h2=&#8221;L&#8217;ATELIER&#8221; h2_font_container=&#8221;font_size:12|color:%238e8777&#8243; h2_css_animation=&#8221;fadeIn&#8221; h4=&#8221;D\u00c9CORATION&#8221; h4_font_container=&#8221;font_size:16|color:%23000000&#8243; h4_css_animation=&#8221;fadeInDownBig&#8221; txt_align=&#8221;center&#8221; shape=&#8221;square&#8221; color=&#8221;grey&#8221; css_animation=&#8221;fadeIn&#8221; use_custom_fonts_h2=&#8221;true&#8221; use_custom_fonts_h4=&#8221;true&#8221; css=&#8221;.vc_custom_1551183082370{padding-top: 6px !important;padding-right: 6px !important;padding-bottom: 6px !important;padding-left: 6px !important;}&#8221;] __________ Restauration compl\u00e8te des meubles anciens &amp; contemporains. Confection Rideaux: Double\/Simple -Molletonn\u00e9 &#8211; Voilage et sous rideaux. Stores. Les accessoires Passementerie, embrases. Tringle \u00e9lectrique ou manuelle. [\/vc_cta][\/vc_column][vc_column width=&#8221;2\/3&#8243;][vc_cta h2=&#8221;Nos derni\u00e8res r\u00e9alisations&#8221; [&hellip;]<\/p>\n","protected":false},"author":1,"featured_media":0,"parent":0,"menu_order":0,"comment_status":"closed","ping_status":"closed","template":"visual-template.php","meta":{"footnotes":""},"class_list":["post-1446","page","type-page","status-publish","hentry"],"_links":{"self":[{"href":"https:\/\/www.arte-vivendi.com\/wp-json\/wp\/v2\/pages\/1446","targetHints":{"allow":["GET"]}}],"collection":[{"href":"https:\/\/www.arte-vivendi.com\/wp-json\/wp\/v2\/pages"}],"about":[{"href":"https:\/\/www.arte-vivendi.com\/wp-json\/wp\/v2\/types\/page"}],"author":[{"embeddable":true,"href":"https:\/\/www.arte-vivendi.com\/wp-json\/wp\/v2\/users\/1"}],"replies":[{"embeddable":true,"href":"https:\/\/www.arte-vivendi.com\/wp-json\/wp\/v2\/comments?post=1446"}],"version-history":[{"count":278,"href":"https:\/\/www.arte-vivendi.com\/wp-json\/wp\/v2\/pages\/1446\/revisions"}],"predecessor-version":[{"id":31724,"href":"https:\/\/www.arte-vivendi.com\/wp-json\/wp\/v2\/pages\/1446\/revisions\/31724"}],"wp:attachment":[{"href":"https:\/\/www.arte-vivendi.com\/wp-json\/wp\/v2\/media?parent=1446"}],"curies":[{"name":"wp","href":"https:\/\/api.w.org\/{rel}","templated":true}]}}