{"id":658,"date":"2019-01-14T10:06:01","date_gmt":"2019-01-14T10:06:01","guid":{"rendered":"\/?page_id=658"},"modified":"2019-10-25T14:36:21","modified_gmt":"2019-10-25T13:36:21","slug":"hygge","status":"publish","type":"page","link":"https:\/\/www.arte-vivendi.com\/design\/hygge\/","title":{"rendered":"Hygge"},"content":{"rendered":"<div class=\"wpb-content-wrapper\"><p>[vc_row][vc_column][vc_separator color=&#8221;custom&#8221; style=&#8221;shadow&#8221; border_width=&#8221;6&#8243; css_animation=&#8221;rotateInDownLeft&#8221; accent_color=&#8221;#8e8777&#8243;][\/vc_column][\/vc_row][vc_row][vc_column width=&#8221;1\/6&#8243;][\/vc_column][vc_column width=&#8221;2\/3&#8243;][vc_cta h2=&#8221;HYGGE&#8221; h2_font_container=&#8221;font_size:40|color:%238e8777&#8243; h2_css_animation=&#8221;none&#8221; h4=&#8221;Comme on le dit au Danemark !!!&#8221; h4_font_container=&#8221;font_size:25|color:%23000000&#8243; h4_css_animation=&#8221;none&#8221; txt_align=&#8221;center&#8221; shape=&#8221;square&#8221; style=&#8221;3d&#8221; css_animation=&#8221;bounceInUp&#8221; use_custom_fonts_h2=&#8221;true&#8221; use_custom_fonts_h4=&#8221;true&#8221;]<\/p>\n<h3 style=\"text-align: center;\"><span style=\"color: #8e8777;\">Ce mot inclu tout le<span style=\"color: #333333;\"> <strong>bonheur<\/strong>,<strong> confort<\/strong><\/span>, le <span style=\"color: #333333;\"><strong>bien \u00eatre<\/strong><\/span>, de se ressourcer dans un \u00e9tat <strong><span style=\"color: #333333;\">chaleureux<\/span> et<span style=\"color: #333333;\"> intime<\/span><\/strong>. Nous \u00e9prouvons les sentiments de s\u00e9curit\u00e9, de calme, personne ne peut nous d\u00e9ranger, on se <span style=\"color: #333333;\"><strong>relaxe<\/strong><\/span>. Seul(e) ou avec nos amis(e), on <span style=\"color: #333333;\"><strong>privil\u00e8ge le moment pr\u00e9sent.<\/strong><\/span><\/span><\/h3>\n<h3 style=\"text-align: center;\"><\/h3>\n<p><img loading=\"lazy\" decoding=\"async\" class=\"wp-image-4543 aligncenter\" src=\"\/wp-content\/uploads\/SKIND\/fauteuil-a-bille-peau-de-mouton.jpg\" alt=\"fauteuil cosy a bille mouton\" width=\"422\" height=\"422\" srcset=\"https:\/\/www.arte-vivendi.com\/wp-content\/uploads\/SKIND\/fauteuil-a-bille-peau-de-mouton.jpg 800w, https:\/\/www.arte-vivendi.com\/wp-content\/uploads\/SKIND\/fauteuil-a-bille-peau-de-mouton-150x150.jpg 150w, https:\/\/www.arte-vivendi.com\/wp-content\/uploads\/SKIND\/fauteuil-a-bille-peau-de-mouton-300x300.jpg 300w, https:\/\/www.arte-vivendi.com\/wp-content\/uploads\/SKIND\/fauteuil-a-bille-peau-de-mouton-768x768.jpg 768w, https:\/\/www.arte-vivendi.com\/wp-content\/uploads\/SKIND\/fauteuil-a-bille-peau-de-mouton-600x600.jpg 600w\" sizes=\"auto, (max-width: 422px) 100vw, 422px\" \/><\/p>\n<h3 style=\"text-align: center;\"><span style=\"color: #8e8777;\">Pour \u00e9prouver ce sentiment on donne \u00e0 notre<\/span><span style=\"color: #333333;\"> <strong>d\u00e9cor int\u00e9rieur<\/strong><\/span><span style=\"color: #8e8777;\"> un air <span style=\"color: #333333;\"><strong>accueillant<\/strong><\/span> pour profiter de la vie, appr\u00e9cier les petits<span style=\"color: #333333;\"><strong> bonheurs du quotidien<\/strong><\/span>, s\u2019ouvrir aux autres, pendant les hivers longs et froids.<\/span><\/h3>\n<p>[\/vc_cta][\/vc_column][vc_column width=&#8221;1\/6&#8243;][vc_cta h2=&#8221;\u00c7a vaut de l&#8217;or&#8221; h4=&#8221;Pour les moment froides&#8221; txt_align=&#8221;center&#8221; style=&#8221;3d&#8221; css_animation=&#8221;fadeInLeftBig&#8221;]<\/p>\n<figure id=\"attachment_4211\" aria-describedby=\"caption-attachment-4211\" style=\"width: 1024px\" class=\"wp-caption alignnone\"><img loading=\"lazy\" decoding=\"async\" class=\"size-full wp-image-4211\" src=\"\/wp-content\/uploads\/SKIND\/BOUILLOTTE\/Bouillotte-Taupe.jpg\" alt=\"Bouillotte couleur taupe peau de mouton\" width=\"1024\" height=\"1024\" \/><figcaption id=\"caption-attachment-4211\" class=\"wp-caption-text\">Bouillotte couleur taupe peau de mouton<\/figcaption><\/figure>\n<p>[\/vc_cta][\/vc_column][\/vc_row][vc_row full_width=&#8221;stretch_row&#8221; parallax=&#8221;content-moving-fade&#8221; el_class=&#8221;product-box1&#8243;][vc_column][vc_column_text css_animation=&#8221;none&#8221;]<\/p>\n<h2 style=\"text-align: center;\"><strong>J&#8217;ai vous a ramene un peut de Hygge pour vous<\/strong><\/h2>\n<p>[\/vc_column_text][\/vc_column][\/vc_row][vc_row][vc_column width=&#8221;5\/6&#8243;][vc_cta h2=&#8221;Collage de produits&#8221; h2_font_container=&#8221;font_size:35|color:%238e8777&#8243; h2_css_animation=&#8221;fadeInDown&#8221; h4=&#8221;Peau&#8221; h4_font_container=&#8221;font_size:25|color:%23000000&#8243; h4_css_animation=&#8221;fadeInRight&#8221; txt_align=&#8221;center&#8221; color=&#8221;white&#8221; css_animation=&#8221;bounceInRight&#8221; use_custom_fonts_h2=&#8221;true&#8221; use_custom_fonts_h4=&#8221;true&#8221; css=&#8221;.vc_custom_1550581845416{border-top-width: 5px !important;border-right-width: 5px !important;border-bottom-width: 5px !important;border-left-width: 5px !important;border-left-color: #ffffff !important;border-left-style: outset !important;border-right-color: #ffffff !important;border-right-style: outset !important;border-top-color: #ffffff !important;border-top-style: outset !important;border-bottom-color: #ffffff !important;border-bottom-style: outset !important;}&#8221;]<img loading=\"lazy\" decoding=\"async\" class=\"size-full wp-image-4216\" src=\"\/wp-content\/uploads\/SKIND\/Design-Deco-Peau.jpg\" alt=\"Collage de respose pied tapis fauteuils peau de vache et peau de mouton\" width=\"1200\" height=\"800\" srcset=\"https:\/\/www.arte-vivendi.com\/wp-content\/uploads\/SKIND\/Design-Deco-Peau.jpg 1200w, https:\/\/www.arte-vivendi.com\/wp-content\/uploads\/SKIND\/Design-Deco-Peau-300x200.jpg 300w, https:\/\/www.arte-vivendi.com\/wp-content\/uploads\/SKIND\/Design-Deco-Peau-768x512.jpg 768w, https:\/\/www.arte-vivendi.com\/wp-content\/uploads\/SKIND\/Design-Deco-Peau-600x400.jpg 600w\" sizes=\"auto, (max-width: 1200px) 100vw, 1200px\" \/>[\/vc_cta][\/vc_column][vc_column width=&#8221;1\/6&#8243;][vc_cta h2=&#8221;Entrer la Nature&#8221; h2_font_container=&#8221;font_size:20&#8243; h2_css_animation=&#8221;fadeInDown&#8221; h4=&#8221;Dans la maison&#8221; h4_font_container=&#8221;font_size:30|color:%238e8777&#8243; txt_align=&#8221;center&#8221; use_custom_fonts_h2=&#8221;true&#8221; use_custom_fonts_h4=&#8221;true&#8221;]<\/p>\n<p style=\"text-align: center;\"><img loading=\"lazy\" decoding=\"async\" class=\"alignnone size-full wp-image-4806\" src=\"\/wp-content\/uploads\/SKIND\/pouf-mouton-poil-long.jpg\" alt=\"\" width=\"1200\" height=\"800\" srcset=\"https:\/\/www.arte-vivendi.com\/wp-content\/uploads\/SKIND\/pouf-mouton-poil-long.jpg 1200w, https:\/\/www.arte-vivendi.com\/wp-content\/uploads\/SKIND\/pouf-mouton-poil-long-300x200.jpg 300w, https:\/\/www.arte-vivendi.com\/wp-content\/uploads\/SKIND\/pouf-mouton-poil-long-768x512.jpg 768w, https:\/\/www.arte-vivendi.com\/wp-content\/uploads\/SKIND\/pouf-mouton-poil-long-600x400.jpg 600w\" sizes=\"auto, (max-width: 1200px) 100vw, 1200px\" \/><\/p>\n<p>[\/vc_cta][vc_cta h2=&#8221;Ca peut cr\u00e9er un agr\u00e9able sentiment&#8221; h2_font_container=&#8221;font_size:20|color:%23000000&#8243; h4=&#8221;De Bien-\u00eatre&#8221; h4_font_container=&#8221;font_size:30|color:%238e8777&#8243; h4_css_animation=&#8221;fadeInDownBig&#8221; txt_align=&#8221;center&#8221; use_custom_fonts_h2=&#8221;true&#8221; use_custom_fonts_h4=&#8221;true&#8221;]<\/p>\n<p style=\"text-align: center;\"><img loading=\"lazy\" decoding=\"async\" class=\"alignnone size-full wp-image-4805\" src=\"\/wp-content\/uploads\/SKIND\/Rusty-Brown.jpg\" alt=\"\" width=\"425\" height=\"425\" srcset=\"https:\/\/www.arte-vivendi.com\/wp-content\/uploads\/SKIND\/Rusty-Brown.jpg 425w, https:\/\/www.arte-vivendi.com\/wp-content\/uploads\/SKIND\/Rusty-Brown-150x150.jpg 150w, https:\/\/www.arte-vivendi.com\/wp-content\/uploads\/SKIND\/Rusty-Brown-300x300.jpg 300w\" sizes=\"auto, (max-width: 425px) 100vw, 425px\" \/><\/p>\n<p>[\/vc_cta][\/vc_column][\/vc_row][vc_row][vc_column][\/vc_column][\/vc_row][vc_column offset=&#8221;vc_col-xs-4&#8243;][vc_column_text]<\/p>\n<p>[\/vc_column_text][\/vc_column][vc_row][vc_column][\/vc_column][\/vc_row][vc_row][vc_column width=&#8221;1\/3&#8243;][vc_cta h2=&#8221;Collection de tapis de laine longue en laine&#8221; h4=&#8221;Moutonde Nouvelle Z\u00e9lande&#8221; txt_align=&#8221;center&#8221;]<span class=\"notranslate\">Cette magnifique collection de tapis<\/span><span class=\"notranslate\"> en laine longue pour la maison est faite de la meilleure peau de mouton naturelle.<\/span> <span class=\"notranslate\">Avec une simplicit\u00e9 \u00e9l\u00e9gante, cette collection se d\u00e9cline en sept couleurs classiques intemporelles ainsi que quatre couleurs tendance en veillant \u00e0 bien <\/span><span class=\"notranslate\">toutes les pr\u00e9f\u00e9rences que vous pourriez avoir.<\/span><\/p>\n<p style=\"text-align: center;\"><img loading=\"lazy\" decoding=\"async\" class=\"alignnone size-full wp-image-4797\" src=\"\/wp-content\/uploads\/SKIND\/Tapis-mouton-poil-long.jpg\" alt=\"\" width=\"1200\" height=\"800\" srcset=\"https:\/\/www.arte-vivendi.com\/wp-content\/uploads\/SKIND\/Tapis-mouton-poil-long.jpg 1200w, https:\/\/www.arte-vivendi.com\/wp-content\/uploads\/SKIND\/Tapis-mouton-poil-long-300x200.jpg 300w, https:\/\/www.arte-vivendi.com\/wp-content\/uploads\/SKIND\/Tapis-mouton-poil-long-768x512.jpg 768w, https:\/\/www.arte-vivendi.com\/wp-content\/uploads\/SKIND\/Tapis-mouton-poil-long-600x400.jpg 600w\" sizes=\"auto, (max-width: 1200px) 100vw, 1200px\" \/><\/p>\n<p>[\/vc_cta][\/vc_column][vc_column width=&#8221;1\/3&#8243;][vc_cta h2=&#8221;Collection de carpettes boucl\u00e9es&#8221; h4=&#8221;Mouton n\u00e9o-z\u00e9landaise&#8221;]<span class=\"notranslate\">Cette collection de couleur et de texture \u00e9l\u00e9gants compl\u00e8tera et donnera a toute la maison la concept de Hygge. Des tailles standard ou <\/span><span class=\"notranslate\">sur mesure fabriqu\u00e9 \u00e0 partir de vos propres mesures pour une pi\u00e8ce ou un couloir sp\u00e9cifique de votre maison.<\/span><\/p>\n<p style=\"text-align: center;\"><img loading=\"lazy\" decoding=\"async\" class=\"alignnone size-full wp-image-4795\" src=\"\/wp-content\/uploads\/SKIND\/Tapis-mouton-court-boucle.jpg\" alt=\"\" width=\"1200\" height=\"800\" srcset=\"https:\/\/www.arte-vivendi.com\/wp-content\/uploads\/SKIND\/Tapis-mouton-court-boucle.jpg 1200w, https:\/\/www.arte-vivendi.com\/wp-content\/uploads\/SKIND\/Tapis-mouton-court-boucle-300x200.jpg 300w, https:\/\/www.arte-vivendi.com\/wp-content\/uploads\/SKIND\/Tapis-mouton-court-boucle-768x512.jpg 768w, https:\/\/www.arte-vivendi.com\/wp-content\/uploads\/SKIND\/Tapis-mouton-court-boucle-600x400.jpg 600w\" sizes=\"auto, (max-width: 1200px) 100vw, 1200px\" \/><\/p>\n<p>[\/vc_cta][\/vc_column][vc_column width=&#8221;1\/3&#8243;][vc_cta h2=&#8221;Collection de tapis design&#8221; h4=&#8221;Vache br\u00e9silienne&#8221;]<span class=\"notranslate\">Magnifique tapis design<\/span> <span class=\"notranslate\">Les tapis sont disponibles dans une large gamme de tailles et de couleurs et peuvent \u00eatre personnalis\u00e9s .<\/span><br \/>\n<span class=\"notranslate\">Ces tapis \u00e9l\u00e9gants compl\u00e9teront n\u2019importe quelle maison, qu\u2019elle soit traditionnelle ou contemporaine.<\/span><\/p>\n<p style=\"text-align: center;\"><div id=\"metaslider-id-650\" style=\"max-width: 700px;\" class=\"ml-slider-3-108-0 metaslider metaslider-nivo metaslider-650 ml-slider ms-theme-default\" role=\"region\" aria-label=\"Tapis Peau de vache\" data-height=\"350\" data-width=\"700\">\n    <div id=\"metaslider_container_650\">\n        <div class='slider-wrapper theme-default'><div class='ribbon'><\/div><div id='metaslider_650' class='nivoSlider'><img loading=\"lazy\" decoding=\"async\" src=\"https:\/\/www.arte-vivendi.com\/wp-content\/uploads\/SKIND\/Dark-Brown-700x350.jpg\" height=\"350\" width=\"700\" data-caption=\"Tapis deco peau de vache\" title=\"Dark-Brown\" alt=\"Tapis deco peau de vache couleur cognac cousu en carr\u00e9\" class=\"slider-650 slide-4811 msDefaultImage\" \/><img loading=\"lazy\" decoding=\"async\" src=\"https:\/\/www.arte-vivendi.com\/wp-content\/uploads\/SKIND\/Champagne-700x350.jpg\" height=\"350\" width=\"700\" data-caption=\"Tapis haute de gamme  peau de vache\" title=\"Champagne\" alt=\"Tapis haute de gamme du sur mesure peau de vache couleur creme champagne\" class=\"slider-650 slide-4812 msDefaultImage\" \/><img loading=\"lazy\" decoding=\"async\" src=\"https:\/\/www.arte-vivendi.com\/wp-content\/uploads\/SKIND\/Black-700x350.jpg\" height=\"350\" width=\"700\" data-caption=\"Tapis deco peau de vache\" title=\"Black\" alt=\"Tapis deco peau de vache couleur noir cousu en carr\u00e9\" class=\"slider-650 slide-4813 msDefaultImage\" \/><img loading=\"lazy\" decoding=\"async\" src=\"https:\/\/www.arte-vivendi.com\/wp-content\/uploads\/SKIND\/Natural-Grey-700x350.jpg\" height=\"350\" width=\"700\" data-caption=\"Tapis peau de vache design\" title=\"Natural-Grey\" alt=\"Tapis peau de vache design d\u00e9grad\u00e9 de couleur fonc\u00e9 au clair\" class=\"slider-650 slide-4814 msDefaultImage\" \/><img loading=\"lazy\" decoding=\"async\" src=\"https:\/\/www.arte-vivendi.com\/wp-content\/uploads\/SKIND\/Brown-700x350.jpg\" height=\"350\" width=\"700\" data-caption=\"Tapis design peau de vache \" title=\"Brown\" alt=\"Tapis design peau de vache multi couleur marron\" class=\"slider-650 slide-4815 msDefaultImage\" \/><\/div><\/div>\n        \n    <\/div>\n<\/div>\n<p>[\/vc_cta][\/vc_column][\/vc_row][vc_row][vc_column][vc_message message_box_color=&#8221;warning&#8221;]Les peau sont des <span class=\"notranslate\">sous-produits.<\/span>[\/vc_message][vc_separator color=&#8221;custom&#8221; style=&#8221;shadow&#8221; border_width=&#8221;6&#8243; css_animation=&#8221;rotateInDownLeft&#8221; accent_color=&#8221;#8e8777&#8243;][\/vc_column][\/vc_row]<\/p>\n<\/div>","protected":false},"excerpt":{"rendered":"<p>[vc_row][vc_column][vc_separator color=&#8221;custom&#8221; style=&#8221;shadow&#8221; border_width=&#8221;6&#8243; css_animation=&#8221;rotateInDownLeft&#8221; accent_color=&#8221;#8e8777&#8243;][\/vc_column][\/vc_row][vc_row][vc_column width=&#8221;1\/6&#8243;][\/vc_column][vc_column width=&#8221;2\/3&#8243;][vc_cta h2=&#8221;HYGGE&#8221; h2_font_container=&#8221;font_size:40|color:%238e8777&#8243; h2_css_animation=&#8221;none&#8221; h4=&#8221;Comme on le dit au Danemark !!!&#8221; h4_font_container=&#8221;font_size:25|color:%23000000&#8243; h4_css_animation=&#8221;none&#8221; txt_align=&#8221;center&#8221; shape=&#8221;square&#8221; style=&#8221;3d&#8221; css_animation=&#8221;bounceInUp&#8221; use_custom_fonts_h2=&#8221;true&#8221; use_custom_fonts_h4=&#8221;true&#8221;] Ce mot inclu tout le bonheur, confort, le bien \u00eatre, de se ressourcer dans un \u00e9tat chaleureux et intime. Nous \u00e9prouvons les sentiments de s\u00e9curit\u00e9, de calme, personne ne [&hellip;]<\/p>\n","protected":false},"author":1,"featured_media":0,"parent":257,"menu_order":0,"comment_status":"closed","ping_status":"closed","template":"","meta":{"footnotes":""},"class_list":["post-658","page","type-page","status-publish","hentry"],"_links":{"self":[{"href":"https:\/\/www.arte-vivendi.com\/wp-json\/wp\/v2\/pages\/658","targetHints":{"allow":["GET"]}}],"collection":[{"href":"https:\/\/www.arte-vivendi.com\/wp-json\/wp\/v2\/pages"}],"about":[{"href":"https:\/\/www.arte-vivendi.com\/wp-json\/wp\/v2\/types\/page"}],"author":[{"embeddable":true,"href":"https:\/\/www.arte-vivendi.com\/wp-json\/wp\/v2\/users\/1"}],"replies":[{"embeddable":true,"href":"https:\/\/www.arte-vivendi.com\/wp-json\/wp\/v2\/comments?post=658"}],"version-history":[{"count":79,"href":"https:\/\/www.arte-vivendi.com\/wp-json\/wp\/v2\/pages\/658\/revisions"}],"predecessor-version":[{"id":5127,"href":"https:\/\/www.arte-vivendi.com\/wp-json\/wp\/v2\/pages\/658\/revisions\/5127"}],"up":[{"embeddable":true,"href":"https:\/\/www.arte-vivendi.com\/wp-json\/wp\/v2\/pages\/257"}],"wp:attachment":[{"href":"https:\/\/www.arte-vivendi.com\/wp-json\/wp\/v2\/media?parent=658"}],"curies":[{"name":"wp","href":"https:\/\/api.w.org\/{rel}","templated":true}]}}